{"id":20,"date":"2019-02-26T21:52:49","date_gmt":"2019-02-26T19:52:49","guid":{"rendered":"http:\/\/www.kyifratsastus.com\/wordpress\/?page_id=20"},"modified":"2025-12-08T14:51:02","modified_gmt":"2025-12-08T12:51:02","slug":"kilpailut","status":"publish","type":"page","link":"https:\/\/www.kyifratsastus.com\/wordpress\/kilpailut\/","title":{"rendered":"Kilpailut"},"content":{"rendered":"\n<h4 class=\"wp-block-heading\">Kilpailutoiminta<\/h4>\n\n\n<p>KyIF Ratsastus kannustaa j\u00e4seni\u00e4\u00e4n osallistumaan aktiivisesti kisatoimintaan kaikilla tasoilla. Seuran puitteissa j\u00e4rjest\u00e4mme tyypillesti nelj\u00e4 koulu- ja nelj\u00e4 estekisaharjoitusta vuosittain. T\u00e4m\u00e4n lis\u00e4ksi vuosittaisiin tapahtumiin kuuluvat kaikkein pienimmille tarkoitetut Knattekisat toukokuussa sek\u00e4 Sennukisat yli 30-vuotiaille harrasteratsastajille.\u00a0<\/p>\n<p>Mahdollisuuksien mukaan pyrimme j\u00e4rjest\u00e4m\u00e4\u00e4n kisakauden aikana my\u00f6s aluetason kisan kouluratsastuksessa.<\/p>\n\n\n<h4 class=\"wp-block-heading\">Kilpailuluvat<\/h4>\n\n\n\n<p>Halutessassi kilpailla seuratason ja sit\u00e4 vaikeammissa ratsastuskilpailuissa tarvitset kilpailuluvan. Kisaluvan saamisen edellytyksen\u00e4 on, ett\u00e4 olet SRL:n alaisen j\u00e4senseuran (esim. KyIF Ratsastus) t\u00e4ys- tai perhej\u00e4sen ja&nbsp;<em>j\u00e4senmaksusi on maksettu<\/em>.<\/p>\n\n\n\n<p>My\u00f6s hevosen tulee olla rekister\u00f6ity Hippokseen tai Suomen Irlannincobyhdistyksen tietokantaan. Kilpaillessasi aluetasolla tai sit\u00e4 vaikeammissa kilpailuissa pit\u00e4\u00e4 my\u00f6s hevosen vuosimaksu olla maksettu.<\/p>\n\n\n\n<p>Valtataosa Suomessa j\u00e4rjestett\u00e4vist\u00e4 kilpailuista l\u00f6ytyy <a rel=\"noreferrer noopener\" href=\"https:\/\/kipa2.ratsastus.fi\/\" target=\"_blank\">KIPA<\/a>sta, jonka kautta my\u00f6s ilmoittaudutaan kisaan. Joissakin alue- ja seuratason kisoissa voi olla poikkeavia ilmoittautumisk\u00e4yt\u00e4nt\u00f6j\u00e4 ja ne l\u00f6ytyv\u00e4t kisakutsusta.<\/p>\n\n\n\n<p>Muistakaa my\u00f6s tarkistaa, ett\u00e4 hevonen on rokotettu s\u00e4\u00e4nt\u00f6jen mukaisesti!<\/p>\n\n\n\n<p>KyIF Ratsastuksen kisoista suurin osa j\u00e4rjeste\u00e4\u00e4n kisaharjoituksina, jolloin kisalupaa tai hevosen vuosimaksua ei tarvita. Tyypillisesti n\u00e4iden kisahajoitusten osallistumisoikeus on rajattu KyIFin j\u00e4senille sek\u00e4 j\u00e4rjest\u00e4v\u00e4n tallin asiakkaille.<\/p>\n\n\n\n<p>Vuoden 2018 alusta my\u00f6s KyIF:n ratsastajat hakevat kilpailuluvan netist\u00e4, SRL:n sivujen kautta. Kilpailijat maksavat kisalupansa itse luvan hakemisen yhteydess\u00e4. KyIF palauttaa tietyin ehdoin A- ja KV-lupamaksun j\u00e4senilleen.<\/p>\n\n\n\n<p>Lis\u00e4tietoa kilpailuluvista l\u00f6ytyy&nbsp;<a href=\"https:\/\/www.ratsastus.fi\/kilpailu-ja-valmennus\/kilpailijalle\/kilpailuluvat\/\" target=\"_blank\" rel=\"noreferrer noopener\">liiton sivuilta<\/a>.<\/p>\n\n\n\n<p>Lis\u00e4ohjeita ja linkki kilpailulupahalemukseen l\u00f6ytyy&nbsp;<a href=\"https:\/\/www.ratsastus.fi\/kilpailu-ja-valmennus\/kilpailijalle\/kilpailuluvat\/hae-kilpailulupaa\/\" target=\"_blank\" rel=\"noreferrer noopener\">t\u00e4st\u00e4 linkist\u00e4<\/a><br><\/p>\n\n\n\n<h4 class=\"wp-block-heading\">Vuoden 2025 kansallisten ja kansainv\u00e4listen kisalupien takaisinmaksu<\/h4>\n\n\n\n<p>KyIF tukee j\u00e4seni\u00e4\u00e4n maksamalla takaisin kisalupamaksun, jos ratsastajalla on ollut v\u00e4hint\u00e4\u00e4n 4 starttia kansallisissa kilpailuissa. Samoin kansainv\u00e4lisen kisaluvan kanssa, mutta seuraavin kriteerein: Jos ratsastajalla on 3 ulkomaista starttia ja 3 kotimaista kansallisen kilpailun starttia kuluvan vuoden aikana, tukee KyIF ratsastajaa maksamalla kisaluvan takaisin. Jos ainoastaan toinen osista on toteutunut maksaa seura puolet maksusta takaisin.<\/p>\n\n\n\n<p>Hakemuksen voi l\u00e4hett\u00e4\u00e4 tilinumeroineen osoitteeseen <a href=\"mailto:ann-sofie.lindberg@outlook.com\">ann-sofie.lindberg@outlook.com<\/a>\u00a0joulukuun 31. p\u00e4iv\u00e4\u00e4n menness\u00e4.<\/p>\n\n\n\n<h4 class=\"wp-block-heading\">Merkkisuoritukset<\/h4>\n\n\n\n<p>Kun olet suorittanut ratsastus- tai taitomerkki\u00e4 varten kaikki tarvittavat kokeet, toimita testip\u00f6yt\u00e4kirjat seuralle, mink\u00e4 j\u00e4lkeen seura ilmoittaa merkkisuoritukset keskitetysti pari kertaa vuodessa. Lis\u00e4tietoa SRL:n&nbsp;<a href=\"https:\/\/www.ratsastus.fi\/jasenelle\/suorita-taitomerkkeja\/\" target=\"_blank\" rel=\"noreferrer noopener\">sivuilta<\/a>&nbsp;ja&nbsp;<a href=\"https:\/\/www.ratsastus.fi\/site\/assets\/files\/1916\/merkkisaannot_2016_netti_korj2.pdf\" target=\"_blank\" rel=\"noreferrer noopener\">merkkis\u00e4\u00e4nn\u00f6ist\u00e4<\/a>.<\/p>\n\n\n\n<p>Huom! KyIF ei tallenna tietoja yksitt\u00e4isist\u00e4 osasuorituksista, joten pid\u00e4 hyv\u00e4 huoli p\u00f6yt\u00e4kirjoistasi.<br><\/p>\n","protected":false},"excerpt":{"rendered":"<p>Kilpailutoiminta KyIF Ratsastus kannustaa j\u00e4seni\u00e4\u00e4n osallistumaan aktiivisesti kisatoimintaan kaikilla tasoilla. Seuran puitteissa j\u00e4rjest\u00e4mme tyypillesti nelj\u00e4 koulu- ja nelj\u00e4 estekisaharjoitusta vuosittain. T\u00e4m\u00e4n lis\u00e4ksi vuosittaisiin tapahtumiin kuuluvat kaikkein pienimmille tarkoitetut Knattekisat toukokuussa &hellip; <\/p>\n<p class=\"link-more\"><a href=\"https:\/\/www.kyifratsastus.com\/wordpress\/kilpailut\/\" class=\"more-link\">Jatka lukemista<span class=\"screen-reader-text\"> &#8221;Kilpailut&#8221;<\/span><\/a><\/p>\n","protected":false},"author":1,"featured_media":0,"parent":0,"menu_order":0,"comment_status":"closed","ping_status":"closed","template":"","meta":{"_EventAllDay":false,"_EventTimezone":"","_EventStartDate":"","_EventEndDate":"","_EventStartDateUTC":"","_EventEndDateUTC":"","_EventShowMap":false,"_EventShowMapLink":false,"_EventURL":"","_EventCost":"","_EventCostDescription":"","_EventCurrencySymbol":"","_EventCurrencyCode":"","_EventCurrencyPosition":"","_EventDateTimeSeparator":"","_EventTimeRangeSeparator":"","_EventOrganizerID":[],"_EventVenueID":[],"_OrganizerEmail":"","_OrganizerPhone":"","_OrganizerWebsite":"","_VenueAddress":"","_VenueCity":"","_VenueCountry":"","_VenueProvince":"","_VenueState":"","_VenueZip":"","_VenuePhone":"","_VenueURL":"","_VenueStateProvince":"","_VenueLat":"","_VenueLng":"","_VenueShowMap":false,"_VenueShowMapLink":false,"footnotes":""},"class_list":["post-20","page","type-page","status-publish","hentry"],"_links":{"self":[{"href":"https:\/\/www.kyifratsastus.com\/wordpress\/wp-json\/wp\/v2\/pages\/20","targetHints":{"allow":["GET"]}}],"collection":[{"href":"https:\/\/www.kyifratsastus.com\/wordpress\/wp-json\/wp\/v2\/pages"}],"about":[{"href":"https:\/\/www.kyifratsastus.com\/wordpress\/wp-json\/wp\/v2\/types\/page"}],"author":[{"embeddable":true,"href":"https:\/\/www.kyifratsastus.com\/wordpress\/wp-json\/wp\/v2\/users\/1"}],"replies":[{"embeddable":true,"href":"https:\/\/www.kyifratsastus.com\/wordpress\/wp-json\/wp\/v2\/comments?post=20"}],"version-history":[{"count":12,"href":"https:\/\/www.kyifratsastus.com\/wordpress\/wp-json\/wp\/v2\/pages\/20\/revisions"}],"predecessor-version":[{"id":2177,"href":"https:\/\/www.kyifratsastus.com\/wordpress\/wp-json\/wp\/v2\/pages\/20\/revisions\/2177"}],"wp:attachment":[{"href":"https:\/\/www.kyifratsastus.com\/wordpress\/wp-json\/wp\/v2\/media?parent=20"}],"curies":[{"name":"wp","href":"https:\/\/api.w.org\/{rel}","templated":true}]}}